{"id":1242,"date":"2024-09-27T10:39:42","date_gmt":"2024-09-27T08:39:42","guid":{"rendered":"https:\/\/www.resalinge.fr\/?page_id=1242"},"modified":"2026-03-07T08:18:17","modified_gmt":"2026-03-07T07:18:17","slug":"tarifs-professionnels","status":"publish","type":"page","link":"https:\/\/www.resalinge.fr\/index.php\/tarifs-professionnels\/","title":{"rendered":"Tarifs professionnels"},"content":{"rendered":"\n<p>Professionnels, afin de connaitre vos tarifs sur nos locations, merci de compl\u00e9ter la fiche de renseignement ci-dessous.<\/p>\n\n\n\n<p>Nous \u00e9tudierons vos besoins et vous contacterons dans les meilleurs d\u00e9lais avec de convenir d&rsquo;un premier RDV.<\/p>\n\n\n\n<hr class=\"wp-block-separator has-alpha-channel-opacity\"\/>\n\n\n<div class=\"frm_forms  with_frm_style frm_style_style-formidable\" id=\"frm_form_2_container\" >\n<form enctype=\"multipart\/form-data\" method=\"post\" class=\"frm-show-form \" id=\"form_contact-form2\" >\n<div class=\"frm_form_fields \">\n<fieldset>\n<legend class=\"frm_screen_reader\">Fiche de renseignements professionnels<\/legend>\r\n\r\n<div class=\"frm_fields_container\">\n<input type=\"hidden\" name=\"frm_action\" value=\"create\" \/>\n<input type=\"hidden\" name=\"form_id\" value=\"2\" \/>\n<input type=\"hidden\" name=\"frm_hide_fields_2\" id=\"frm_hide_fields_2\" value=\"\" \/>\n<input type=\"hidden\" name=\"form_key\" value=\"contact-form2\" \/>\n<input type=\"hidden\" name=\"item_meta[0]\" value=\"\" \/>\n<input type=\"hidden\" id=\"frm_submit_entry_2\" name=\"frm_submit_entry_2\" value=\"59dc1091c2\" \/><input type=\"hidden\" name=\"_wp_http_referer\" value=\"\/index.php\/wp-json\/wp\/v2\/pages\/1242\" \/><div id=\"frm_field_15_container\" class=\"frm_form_field form-field  frm_required_field frm_top_container frm6 frm_first vertical_radio\">\r\n\t<div  id=\"field_bgw2s2_label\" class=\"frm_primary_label\">Vous \u00eates :\r\n\t\t<span class=\"frm_required\" aria-hidden=\"true\">*<\/span>\r\n\t<\/div>\r\n\t<div class=\"frm_opt_container\" aria-labelledby=\"field_bgw2s2_label\" role=\"radiogroup\" aria-required=\"true\">\t\t<div class=\"frm_radio\" id=\"frm_radio_15-0\">\t\t\t<label  for=\"field_bgw2s2-0\">\n\t\t\t\t\t<input type=\"radio\" name=\"item_meta[15]\" id=\"field_bgw2s2-0\" value=\"Un professionnel de la location\"\n\t\t data-reqmsg=\"Vous \u00eates : ne peut pas \u00eatre vide.\" data-invmsg=\"Vous \u00eates : est non valide\"   \/> Un professionnel de la location<\/label><\/div>\n\t\t<div class=\"frm_radio\" id=\"frm_radio_15-2\">\t\t\t<label  for=\"field_bgw2s2-2\">\n\t\t\t\t\t<input type=\"radio\" name=\"item_meta[15]\" id=\"field_bgw2s2-2\" value=\"Un professionnel hors location\"\n\t\t data-reqmsg=\"Vous \u00eates : ne peut pas \u00eatre vide.\" data-invmsg=\"Vous \u00eates : est non valide\"   \/> Un professionnel hors location<\/label><\/div>\n<\/div>\r\n\t\r\n\t\r\n<\/div>\n<div id=\"frm_field_16_container\" class=\"frm_form_field form-field  frm_required_field frm_top_container frm6\">\r\n\t<label for=\"field_cgqv2\" id=\"field_cgqv2_label\" class=\"frm_primary_label\">Nom de la soci\u00e9t\u00e9\r\n\t\t<span class=\"frm_required\" aria-hidden=\"true\">*<\/span>\r\n\t<\/label>\r\n\t<input type=\"text\" id=\"field_cgqv2\" name=\"item_meta[16]\" value=\"\"  data-reqmsg=\"Nom de la soci\u00e9t\u00e9 ne peut pas \u00eatre vide.\" aria-required=\"true\" data-invmsg=\"Nom de la soci\u00e9t\u00e9 est non valide\" aria-invalid=\"false\"  \/>\r\n\t\r\n\t\r\n<\/div>\n<div id=\"frm_field_12_container\" class=\"frm_form_field form-field  frm_top_container frm4 frm_first vertical_radio\">\r\n\t<div  id=\"field_hr8ev2_label\" class=\"frm_primary_label\">Civilit\u00e9\r\n\t\t<span class=\"frm_required\" aria-hidden=\"true\"><\/span>\r\n\t<\/div>\r\n\t<div class=\"frm_opt_container\" aria-labelledby=\"field_hr8ev2_label\" role=\"radiogroup\">\t\t<div class=\"frm_radio\" id=\"frm_radio_12-0\">\t\t\t<label  for=\"field_hr8ev2-0\">\n\t\t\t\t\t<input type=\"radio\" name=\"item_meta[12]\" id=\"field_hr8ev2-0\" value=\"Mme\"\n\t\t data-invmsg=\"Civilit\u00e9 est non valide\"   \/> Mme<\/label><\/div>\n\t\t<div class=\"frm_radio\" id=\"frm_radio_12-1\">\t\t\t<label  for=\"field_hr8ev2-1\">\n\t\t\t\t\t<input type=\"radio\" name=\"item_meta[12]\" id=\"field_hr8ev2-1\" value=\"M.\"\n\t\t data-invmsg=\"Civilit\u00e9 est non valide\"   \/> M.<\/label><\/div>\n<\/div>\r\n\t\r\n\t\r\n<\/div>\n<div id=\"frm_field_13_container\" class=\"frm_form_field form-field  frm_top_container frm4\">\r\n\t<label for=\"field_ocfup12\" id=\"field_ocfup12_label\" class=\"frm_primary_label\">Nom\r\n\t\t<span class=\"frm_required\" aria-hidden=\"true\"><\/span>\r\n\t<\/label>\r\n\t<input type=\"text\" id=\"field_ocfup12\" name=\"item_meta[13]\" value=\"\"  data-invmsg=\"Nom est non valide\" aria-invalid=\"false\"  \/>\r\n\t\r\n\t\r\n<\/div>\n<div id=\"frm_field_14_container\" class=\"frm_form_field form-field  frm_top_container frm4\">\r\n\t<label for=\"field_qh4icy2\" id=\"field_qh4icy2_label\" class=\"frm_primary_label\">Pr\u00e9nom\r\n\t\t<span class=\"frm_required\" aria-hidden=\"true\"><\/span>\r\n\t<\/label>\r\n\t<input type=\"text\" id=\"field_qh4icy2\" name=\"item_meta[14]\" value=\"\"  data-invmsg=\"Pr\u00e9nom est non valide\" aria-invalid=\"false\"  \/>\r\n\t\r\n\t\r\n<\/div>\n<div id=\"frm_field_17_container\" class=\"frm_form_field form-field  frm_required_field frm_top_container frm6 frm_first\">\r\n\t<label for=\"field_29yf4d2\" id=\"field_29yf4d2_label\" class=\"frm_primary_label\">Email\r\n\t\t<span class=\"frm_required\" aria-hidden=\"true\">*<\/span>\r\n\t<\/label>\r\n\t<input type=\"email\" id=\"field_29yf4d2\" name=\"item_meta[17]\" value=\"\"  data-reqmsg=\"Email ne peut pas \u00eatre vide.\" aria-required=\"true\" data-invmsg=\"Please enter a valid email address\" aria-invalid=\"false\"  \/>\r\n\t\r\n\t\r\n<\/div>\n<div id=\"frm_field_18_container\" class=\"frm_form_field form-field  frm_top_container frm6\">\r\n\t<label for=\"field_al2bz2\" id=\"field_al2bz2_label\" class=\"frm_primary_label\">T\u00e9l\u00e9phone\r\n\t\t<span class=\"frm_required\" aria-hidden=\"true\"><\/span>\r\n\t<\/label>\r\n\t<input type=\"tel\" id=\"field_al2bz2\" name=\"item_meta[18]\" value=\"\"  data-invmsg=\"T\u00e9l\u00e9phone est non valide\" aria-invalid=\"false\" pattern=\"((\\+\\d{1,3}(-|.| )?\\(?\\d\\)?(-| |.)?\\d{1,5})|(\\(?\\d{2,6}\\)?))(-|.| )?(\\d{3,4})(-|.| )?(\\d{4})(( x| ext)\\d{1,5}){0,1}$\"  \/>\r\n\t\r\n\t\r\n<\/div>\n<div id=\"frm_field_23_container\" class=\"frm_form_field form-field  frm_required_field frm_top_container frm4 frm_first vertical_radio\">\r\n\t<div  id=\"field_km62c_label\" class=\"frm_primary_label\">Vos besoins en location\r\n\t\t<span class=\"frm_required\" aria-hidden=\"true\">*<\/span>\r\n\t<\/div>\r\n\t<div class=\"frm_opt_container\" aria-labelledby=\"field_km62c_label\" role=\"group\">\t\t<div class=\"frm_checkbox\" id=\"frm_checkbox_23-0\">\t\t\t<label  for=\"field_km62c-0\">\n\t\t\t<input type=\"checkbox\" name=\"item_meta[23][]\" id=\"field_km62c-0\" value=\"Linge de lit\"  data-reqmsg=\"Vos besoins en location ne peut pas \u00eatre vide.\" data-invmsg=\"Vos besoins en location est non valide\"   aria-required=\"true\"  \/> Linge de lit<\/label><\/div>\n\t\t<div class=\"frm_checkbox\" id=\"frm_checkbox_23-1\">\t\t\t<label  for=\"field_km62c-1\">\n\t\t\t<input type=\"checkbox\" name=\"item_meta[23][]\" id=\"field_km62c-1\" value=\"Linge Eponge\"  data-reqmsg=\"Vos besoins en location ne peut pas \u00eatre vide.\" data-invmsg=\"Vos besoins en location est non valide\"   \/> Linge Eponge<\/label><\/div>\n\t\t<div class=\"frm_checkbox\" id=\"frm_checkbox_23-2\">\t\t\t<label  for=\"field_km62c-2\">\n\t\t\t<input type=\"checkbox\" name=\"item_meta[23][]\" id=\"field_km62c-2\" value=\"Linge de Table\"  data-reqmsg=\"Vos besoins en location ne peut pas \u00eatre vide.\" data-invmsg=\"Vos besoins en location est non valide\"   \/> Linge de Table<\/label><\/div>\n<\/div>\r\n\t\r\n\t\r\n<\/div>\n<div id=\"frm_field_26_container\" class=\"frm_form_field form-field  frm_required_field frm_top_container frm4 vertical_radio\">\r\n\t<div  id=\"field_upl1b_label\" class=\"frm_primary_label\">Fr\u00e9quence  estim\u00e9e de livraisons\r\n\t\t<span class=\"frm_required\" aria-hidden=\"true\">*<\/span>\r\n\t<\/div>\r\n\t<div class=\"frm_opt_container\" aria-labelledby=\"field_upl1b_label\" role=\"radiogroup\" aria-required=\"true\">\t\t<div class=\"frm_radio\" id=\"frm_radio_26-0\">\t\t\t<label  for=\"field_upl1b-0\">\n\t\t\t\t\t<input type=\"radio\" name=\"item_meta[26]\" id=\"field_upl1b-0\" value=\"Ponctuelle\"\n\t\t data-reqmsg=\"Fr\u00e9quence  estim\u00e9e de livraisons ne peut pas \u00eatre vide.\" data-invmsg=\"Fr\u00e9quence  estim\u00e9e de livraisons est non valide\"   \/> Ponctuelle<\/label><\/div>\n\t\t<div class=\"frm_radio\" id=\"frm_radio_26-1\">\t\t\t<label  for=\"field_upl1b-1\">\n\t\t\t\t\t<input type=\"radio\" name=\"item_meta[26]\" id=\"field_upl1b-1\" value=\"Hebdomadaire\"\n\t\t data-reqmsg=\"Fr\u00e9quence  estim\u00e9e de livraisons ne peut pas \u00eatre vide.\" data-invmsg=\"Fr\u00e9quence  estim\u00e9e de livraisons est non valide\"   \/> Hebdomadaire<\/label><\/div>\n\t\t<div class=\"frm_radio\" id=\"frm_radio_26-2\">\t\t\t<label  for=\"field_upl1b-2\">\n\t\t\t\t\t<input type=\"radio\" name=\"item_meta[26]\" id=\"field_upl1b-2\" value=\"Bimensuelle\"\n\t\t data-reqmsg=\"Fr\u00e9quence  estim\u00e9e de livraisons ne peut pas \u00eatre vide.\" data-invmsg=\"Fr\u00e9quence  estim\u00e9e de livraisons est non valide\"   \/> Bimensuelle<\/label><\/div>\n\t\t<div class=\"frm_radio\" id=\"frm_radio_26-3\">\t\t\t<label  for=\"field_upl1b-3\">\n\t\t\t\t\t<input type=\"radio\" name=\"item_meta[26]\" id=\"field_upl1b-3\" value=\"Autre\"\n\t\t data-reqmsg=\"Fr\u00e9quence  estim\u00e9e de livraisons ne peut pas \u00eatre vide.\" data-invmsg=\"Fr\u00e9quence  estim\u00e9e de livraisons est non valide\"   \/> Autre<\/label><\/div>\n<\/div>\r\n\t\r\n\t\r\n<\/div>\n<div id=\"frm_field_25_container\" class=\"frm_form_field form-field  frm_required_field frm_top_container frm4 vertical_radio\">\r\n\t<div  id=\"field_fzofn_label\" class=\"frm_primary_label\">Quantit\u00e9s estim\u00e9es par livraison\r\n\t\t<span class=\"frm_required\" aria-hidden=\"true\">*<\/span>\r\n\t<\/div>\r\n\t<div class=\"frm_opt_container\" aria-labelledby=\"field_fzofn_label\" role=\"radiogroup\" aria-required=\"true\">\t\t<div class=\"frm_radio\" id=\"frm_radio_25-0\">\t\t\t<label  for=\"field_fzofn-0\">\n\t\t\t\t\t<input type=\"radio\" name=\"item_meta[25]\" id=\"field_fzofn-0\" value=\"inf\u00e9rieur \u00e0 10\"\n\t\t data-reqmsg=\"Quantit\u00e9s estim\u00e9es par livraison ne peut pas \u00eatre vide.\" data-invmsg=\"Quantit\u00e9s estim\u00e9es par livraison est non valide\"   \/> inf\u00e9rieur \u00e0 10<\/label><\/div>\n\t\t<div class=\"frm_radio\" id=\"frm_radio_25-1\">\t\t\t<label  for=\"field_fzofn-1\">\n\t\t\t\t\t<input type=\"radio\" name=\"item_meta[25]\" id=\"field_fzofn-1\" value=\"de 10 \u00e0 25\"\n\t\t data-reqmsg=\"Quantit\u00e9s estim\u00e9es par livraison ne peut pas \u00eatre vide.\" data-invmsg=\"Quantit\u00e9s estim\u00e9es par livraison est non valide\"   \/> de 10 \u00e0 25<\/label><\/div>\n\t\t<div class=\"frm_radio\" id=\"frm_radio_25-2\">\t\t\t<label  for=\"field_fzofn-2\">\n\t\t\t\t\t<input type=\"radio\" name=\"item_meta[25]\" id=\"field_fzofn-2\" value=\"plus de 25\"\n\t\t data-reqmsg=\"Quantit\u00e9s estim\u00e9es par livraison ne peut pas \u00eatre vide.\" data-invmsg=\"Quantit\u00e9s estim\u00e9es par livraison est non valide\"   \/> plus de 25<\/label><\/div>\n<\/div>\r\n\t\r\n\t\r\n<\/div>\n<div id=\"frm_field_20_container\" class=\"frm_form_field form-field  frm_top_container frm_full\">\r\n\t<label for=\"field_9jv0r12\" id=\"field_9jv0r12_label\" class=\"frm_primary_label\">Message (facultatif)\r\n\t\t<span class=\"frm_required\" aria-hidden=\"true\"><\/span>\r\n\t<\/label>\r\n\t<textarea name=\"item_meta[20]\" id=\"field_9jv0r12\" rows=\"5\"  data-invmsg=\"Message (facultatif) est non valide\" aria-invalid=\"false\"  ><\/textarea>\r\n\t\r\n\t\r\n<\/div>\n<div id=\"frm_field_21_container\" class=\"frm_form_field form-field  frm_required_field frm_top_container vertical_radio\">\r\n\t<div  id=\"field_ih5442_label\" class=\"frm_primary_label\">Consentement RGPD\r\n\t\t<span class=\"frm_required\" aria-hidden=\"true\">*<\/span>\r\n\t<\/div>\r\n\t<div class=\"frm_opt_container\" aria-labelledby=\"field_ih5442_label\" role=\"group\">\t\t<div class=\"frm_checkbox\" id=\"frm_checkbox_21-1\">\t\t\t<label  for=\"field_ih5442-1\">\n\t\t\t<input type=\"checkbox\" name=\"item_meta[21][]\" id=\"field_ih5442-1\" value=\"J&#039;accepte et comprends que les informations contenues dans ce formulaire seront utilis\u00e9es par Resalinge dans la finalit\u00e9 de r\u00e9pondre \u00e0 ma demande. En sa qualit\u00e9 de Responsable de traitement, Resalinge s&#039;engage \u00e0 ne pas partager ou revendre les donn\u00e9es issues de ce formulaire. Ces donn\u00e9es seront conserv\u00e9es par Resalinge pour un maximum de 3 ann\u00e9es apr\u00e8s le dernier contact positif de ma part.\"  data-reqmsg=\"Consentement RGPD ne peut pas \u00eatre vide.\" data-invmsg=\"Consentement RGPD est non valide\"   aria-required=\"true\"  \/> J&rsquo;accepte et comprends que les informations contenues dans ce formulaire seront utilis\u00e9es par Resalinge dans la finalit\u00e9 de r\u00e9pondre \u00e0 ma demande. En sa qualit\u00e9 de Responsable de traitement, Resalinge s&rsquo;engage \u00e0 ne pas partager ou revendre les donn\u00e9es issues de ce formulaire. Ces donn\u00e9es seront conserv\u00e9es par Resalinge pour un maximum de 3 ann\u00e9es apr\u00e8s le dernier contact positif de ma part.<\/label><\/div>\n<\/div>\r\n\t\r\n\t\r\n<\/div>\n<div id=\"frm_field_22_container\" class=\"frm_form_field form-field \">\r\n\t<div class=\"frm_submit frm_flex\">\r\n<button class=\"frm_button_submit\" type=\"submit\"  >Envoyer<\/button>\r\n\r\n\r\n\r\n<\/div>\r\n<\/div>\n\t<input type=\"hidden\" name=\"item_key\" value=\"\" \/>\n\t\t\t<div id=\"frm_field_30_container\">\n\t\t\t<label for=\"field_6zo3k\" >\n\t\t\t\tSi vous \u00eates un humain, ne remplissez pas ce champ.\t\t\t<\/label>\n\t\t\t<input  id=\"field_6zo3k\" type=\"text\" class=\"frm_form_field form-field frm_verify\" name=\"item_meta[30]\" value=\"\"  \/>\n\t\t<\/div>\n\t\t<input name=\"frm_state\" type=\"hidden\" value=\"Png9v3+wI\/EOUySyCL3mbbUpYtGkySJMSKApM+pNbKo=\" \/><\/div>\n<\/fieldset>\n<\/div>\n\n<\/form>\n<\/div>\n","protected":false},"excerpt":{"rendered":"<p>Professionnels, afin de connaitre vos tarifs sur nos locations, merci de compl\u00e9ter la fiche de renseignement ci-dessous. Nous \u00e9tudierons vos besoins et vous contacterons dans les meilleurs d\u00e9lais avec de convenir d&rsquo;un premier RDV.<\/p>\n","protected":false},"author":1,"featured_media":0,"parent":0,"menu_order":0,"comment_status":"closed","ping_status":"closed","template":"template-front-page.php","meta":{"footnotes":""},"class_list":["post-1242","page","type-page","status-publish","hentry"],"_links":{"self":[{"href":"https:\/\/www.resalinge.fr\/index.php\/wp-json\/wp\/v2\/pages\/1242","targetHints":{"allow":["GET"]}}],"collection":[{"href":"https:\/\/www.resalinge.fr\/index.php\/wp-json\/wp\/v2\/pages"}],"about":[{"href":"https:\/\/www.resalinge.fr\/index.php\/wp-json\/wp\/v2\/types\/page"}],"author":[{"embeddable":true,"href":"https:\/\/www.resalinge.fr\/index.php\/wp-json\/wp\/v2\/users\/1"}],"replies":[{"embeddable":true,"href":"https:\/\/www.resalinge.fr\/index.php\/wp-json\/wp\/v2\/comments?post=1242"}],"version-history":[{"count":3,"href":"https:\/\/www.resalinge.fr\/index.php\/wp-json\/wp\/v2\/pages\/1242\/revisions"}],"predecessor-version":[{"id":1270,"href":"https:\/\/www.resalinge.fr\/index.php\/wp-json\/wp\/v2\/pages\/1242\/revisions\/1270"}],"wp:attachment":[{"href":"https:\/\/www.resalinge.fr\/index.php\/wp-json\/wp\/v2\/media?parent=1242"}],"curies":[{"name":"wp","href":"https:\/\/api.w.org\/{rel}","templated":true}]}}